{"id":1874,"date":"2022-10-16T23:39:40","date_gmt":"2022-10-16T21:39:40","guid":{"rendered":"https:\/\/online.krediten.ch\/?page_id=1874"},"modified":"2023-04-24T15:54:49","modified_gmt":"2023-04-24T13:54:49","slug":"rechtliche-hinweise","status":"publish","type":"page","link":"https:\/\/online.krediten.ch\/it\/condizioni-giuridiche\/","title":{"rendered":"Condizioni giuridiche"},"content":{"rendered":"\t\t<div data-elementor-type=\"wp-page\" data-elementor-id=\"1874\" class=\"elementor elementor-1874\">\n\t\t\t\t\t\t\t\t\t<section class=\"elementor-section elementor-top-section elementor-element elementor-element-93ea91b ct-section-stretched elementor-section-boxed elementor-section-height-default elementor-section-height-default\" data-id=\"93ea91b\" data-element_type=\"section\" data-settings=\"{&quot;background_background&quot;:&quot;gradient&quot;,&quot;ekit_has_onepagescroll_dot&quot;:&quot;yes&quot;}\">\n\t\t\t\t\t\t<div class=\"elementor-container elementor-column-gap-default\">\n\t\t\t\t\t<div class=\"elementor-column elementor-col-100 elementor-top-column elementor-element elementor-element-38138b5\" data-id=\"38138b5\" data-element_type=\"column\">\n\t\t\t<div class=\"elementor-widget-wrap elementor-element-populated\">\n\t\t\t\t\t\t\t\t<div class=\"elementor-element elementor-element-383b323 elementor-position-left elementor-vertical-align-middle elementor-widget elementor-widget-image-box\" data-id=\"383b323\" data-element_type=\"widget\" data-settings=\"{&quot;ekit_we_effect_on&quot;:&quot;none&quot;}\" data-widget_type=\"image-box.default\">\n\t\t\t\t<div class=\"elementor-widget-container\">\n\t\t\t<style>\/*! elementor - v3.12.2 - 23-04-2023 *\/\n.elementor-widget-image-box .elementor-image-box-content{width:100%}@media (min-width:768px){.elementor-widget-image-box.elementor-position-left .elementor-image-box-wrapper,.elementor-widget-image-box.elementor-position-right .elementor-image-box-wrapper{display:flex}.elementor-widget-image-box.elementor-position-right .elementor-image-box-wrapper{text-align:right;flex-direction:row-reverse}.elementor-widget-image-box.elementor-position-left .elementor-image-box-wrapper{text-align:left;flex-direction:row}.elementor-widget-image-box.elementor-position-top .elementor-image-box-img{margin:auto}.elementor-widget-image-box.elementor-vertical-align-top .elementor-image-box-wrapper{align-items:flex-start}.elementor-widget-image-box.elementor-vertical-align-middle .elementor-image-box-wrapper{align-items:center}.elementor-widget-image-box.elementor-vertical-align-bottom .elementor-image-box-wrapper{align-items:flex-end}}@media (max-width:767px){.elementor-widget-image-box .elementor-image-box-img{margin-left:auto!important;margin-right:auto!important;margin-bottom:15px}}.elementor-widget-image-box .elementor-image-box-img{display:inline-block}.elementor-widget-image-box .elementor-image-box-title a{color:inherit}.elementor-widget-image-box .elementor-image-box-wrapper{text-align:center}.elementor-widget-image-box .elementor-image-box-description{margin:0}<\/style><div class=\"elementor-image-box-wrapper\"><div class=\"elementor-image-box-content\"><h6 class=\"elementor-image-box-title\">AS Finanz GmbH ist ein gepr\u00fcfter und zertifizierter Schweizer Anbieter mit der kantonalen Lizenz zur Kreditvermittlung.<\/h6><\/div><\/div>\t\t<\/div>\n\t\t\t\t<\/div>\n\t\t\t\t\t<\/div>\n\t\t<\/div>\n\t\t\t\t\t\t\t<\/div>\n\t\t<\/section>\n\t\t\t\t<section class=\"elementor-section elementor-top-section elementor-element elementor-element-cecade7 ct-section-stretched elementor-section-boxed elementor-section-height-default elementor-section-height-default\" data-id=\"cecade7\" data-element_type=\"section\" data-settings=\"{&quot;ekit_has_onepagescroll_dot&quot;:&quot;yes&quot;}\">\n\t\t\t\t\t\t<div class=\"elementor-container elementor-column-gap-default\">\n\t\t\t\t\t<div class=\"elementor-column elementor-col-100 elementor-top-column elementor-element elementor-element-35d5a2d\" data-id=\"35d5a2d\" data-element_type=\"column\">\n\t\t\t<div class=\"elementor-widget-wrap elementor-element-populated\">\n\t\t\t\t\t\t\t\t<div class=\"elementor-element elementor-element-547c003 elementor-widget elementor-widget-heading\" data-id=\"547c003\" data-element_type=\"widget\" data-settings=\"{&quot;ekit_we_effect_on&quot;:&quot;none&quot;}\" data-widget_type=\"heading.default\">\n\t\t\t\t<div class=\"elementor-widget-container\">\n\t\t\t<style>\/*! elementor - v3.12.2 - 23-04-2023 *\/\n.elementor-heading-title{padding:0;margin:0;line-height:1}.elementor-widget-heading .elementor-heading-title[class*=elementor-size-]>a{color:inherit;font-size:inherit;line-height:inherit}.elementor-widget-heading .elementor-heading-title.elementor-size-small{font-size:15px}.elementor-widget-heading .elementor-heading-title.elementor-size-medium{font-size:19px}.elementor-widget-heading .elementor-heading-title.elementor-size-large{font-size:29px}.elementor-widget-heading .elementor-heading-title.elementor-size-xl{font-size:39px}.elementor-widget-heading .elementor-heading-title.elementor-size-xxl{font-size:59px}<\/style><h1 class=\"elementor-heading-title elementor-size-default\">Condizioni di servizio e informazioni legali\n<\/h1>\t\t<\/div>\n\t\t\t\t<\/div>\n\t\t\t\t<div class=\"elementor-element elementor-element-f8d64b5 elementor-widget elementor-widget-spacer\" data-id=\"f8d64b5\" data-element_type=\"widget\" data-settings=\"{&quot;ekit_we_effect_on&quot;:&quot;none&quot;}\" data-widget_type=\"spacer.default\">\n\t\t\t\t<div class=\"elementor-widget-container\">\n\t\t\t<style>\/*! elementor - v3.12.2 - 23-04-2023 *\/\n.elementor-column .elementor-spacer-inner{height:var(--spacer-size)}.e-con{--container-widget-width:100%}.e-con-inner>.elementor-widget-spacer,.e-con>.elementor-widget-spacer{width:var(--container-widget-width,var(--spacer-size));--align-self:var(--container-widget-align-self,initial);--flex-shrink:0}.e-con-inner>.elementor-widget-spacer>.elementor-widget-container,.e-con-inner>.elementor-widget-spacer>.elementor-widget-container>.elementor-spacer,.e-con>.elementor-widget-spacer>.elementor-widget-container,.e-con>.elementor-widget-spacer>.elementor-widget-container>.elementor-spacer{height:100%}.e-con-inner>.elementor-widget-spacer>.elementor-widget-container>.elementor-spacer>.elementor-spacer-inner,.e-con>.elementor-widget-spacer>.elementor-widget-container>.elementor-spacer>.elementor-spacer-inner{height:var(--container-widget-height,var(--spacer-size))}<\/style>\t\t<div class=\"elementor-spacer\">\n\t\t\t<div class=\"elementor-spacer-inner\"><\/div>\n\t\t<\/div>\n\t\t\t\t<\/div>\n\t\t\t\t<\/div>\n\t\t\t\t<section class=\"elementor-section elementor-inner-section elementor-element elementor-element-f141388 elementor-section-boxed elementor-section-height-default elementor-section-height-default\" data-id=\"f141388\" data-element_type=\"section\" data-settings=\"{&quot;ekit_has_onepagescroll_dot&quot;:&quot;yes&quot;}\">\n\t\t\t\t\t\t<div class=\"elementor-container elementor-column-gap-default\">\n\t\t\t\t\t<div class=\"elementor-column elementor-col-100 elementor-inner-column elementor-element elementor-element-f5a3b8e\" data-id=\"f5a3b8e\" data-element_type=\"column\">\n\t\t\t<div class=\"elementor-widget-wrap elementor-element-populated\">\n\t\t\t\t\t\t\t\t<div class=\"elementor-element elementor-element-0db3c45 elementor-widget elementor-widget-text-editor\" data-id=\"0db3c45\" data-element_type=\"widget\" data-settings=\"{&quot;ekit_we_effect_on&quot;:&quot;none&quot;}\" data-widget_type=\"text-editor.default\">\n\t\t\t\t<div class=\"elementor-widget-container\">\n\t\t\t<style>\/*! elementor - v3.12.2 - 23-04-2023 *\/\n.elementor-widget-text-editor.elementor-drop-cap-view-stacked .elementor-drop-cap{background-color:#69727d;color:#fff}.elementor-widget-text-editor.elementor-drop-cap-view-framed .elementor-drop-cap{color:#69727d;border:3px solid;background-color:transparent}.elementor-widget-text-editor:not(.elementor-drop-cap-view-default) .elementor-drop-cap{margin-top:8px}.elementor-widget-text-editor:not(.elementor-drop-cap-view-default) .elementor-drop-cap-letter{width:1em;height:1em}.elementor-widget-text-editor .elementor-drop-cap{float:left;text-align:center;line-height:1;font-size:50px}.elementor-widget-text-editor .elementor-drop-cap-letter{display:inline-block}<\/style>\t\t\t\t<p><strong>Consenso<\/strong><br \/><br \/>Si prega di leggere attentamente i termini di utilizzo. Con l&#8217;accesso al nostro sito internet e le pagine associate dichiarate di aver compreso i termini e le condizioni qui di seguito e le informazioni legali e di essere d&#8217;accordo con loro. Se non si accettano le condizioni qui di seguito, non utilizzare questa pagina o le pagine collegate al medesimo (di seguito la &#8220;pagina web della societ\u00e0 AS Finanz&#8221;).<strong><br \/><br \/>Gruppo di riferimento<\/strong><br \/><br \/>Questa pagina web della societ\u00e0 AS Finanz \u00e8 destinata alle persone fisiche e giuridiche e le associazioni delle persone ed entit\u00e0 con residenza, cio\u00e8 con sede in Svizzera e nel Principato del Liechtenstein.<br \/><br \/><strong>Diritti d&#8217;autore<\/strong><br \/><br \/>Tutti gli elementi di questa pagina web della societ\u00e0 Finanz, soprattutto diritti d&#8217;autore, diritti di marchio e di altri diritti appartengono solo ed esclusivamente alla societ\u00e0 AS Finanz GmbH (di seguito &#8220;AS Finanz&#8221;). Gli elementi possono essere utilizzati liberamente solo per la navigazione su internet. Ulteriore ripubblicazione degli elementi \u00e8 consentita solo con previa approvazione della societ\u00e0 AS Finanz. Il termine &#8220;AS Finanz&#8221;, cos\u00ec come il logo della societ\u00e0 AS Finanz sono marchi registrati dalla Societ\u00e0 AS Finanz GmbH e come tali sono protetti.<br \/><br \/><strong>L&#8217;offerta \u00e8 esclusa<\/strong><br \/><br \/>Le informazioni pubblicate sulla pagina web della societ\u00e0 AS Finanz non costituiscono un&#8217;offerta o una raccomandazione ad eseguire le transazioni, all&#8217;acquisto o alla vendita dei prodotti &#8220;finanziari&#8221;, per concludere altri negozi giuridici o bandi di gara. Le informazioni pubblicate sulla pagina web della societ\u00e0 AS Finanz sono puramente a scopo informativo.<br \/><br \/><strong>Senza garanzie<\/strong><br \/><br \/>Anche se la societ\u00e0 AS Finanz ha una gran cura che le informazioni sul sito internet della societ\u00e0 AS Finanz siano corrette al momento della pubblicazione, n\u00e9 AS Finanz n\u00e9 i partner non possono garantire l&#8217;accuratezza, l&#8217;affidabilit\u00e0 o la completezza delle informazioni. AS Finanz fornisce informazioni senza alcuna garanzia. Esclusa anche la garanzia implicita. AS Finanz non \u00e8 responsabile e non garantisce la disponibilit\u00e0 permanente della pagina web della societ\u00e0 AZ Finanz, che non ci sono i bug e i virus e i componenti dannosi. Le opinioni e altre informazioni sulla pagina web della societ\u00e0 AS Finanz possono essere modificati in qualsiasi momento e senza preavviso. AS Finanz non utilizza la pagina web per la Vostra consulenza o il consiglio a Voi o ai terzi. I dati contenuti sulla pagina web della societ\u00e0 AS Finanz non rappresentano n\u00e9 un aiuto per rispondere a domande di tipo giuridico, fiscale o di altro tipo n\u00e9, sulla base di questi dati, dovrebbero essere prese decisioni in merito ad un investimento o altro.<br \/><br \/><strong>Senza sicurezza dei dati<\/strong><br \/><br \/>L&#8217;internet \u00e8 un mezzo pubblico accessibile a chiunque. Se si visita la pagina web della societ\u00e0 AS Finanz, il terzo pu\u00f2 fare conclusioni circa le relazioni d&#8217;affari attuali e future tra Voi e AS Finanz.<br \/><br \/>AS Finanz adotta ogni precauzione necessaria per proteggere i Vostri dati e tutelare la Vostra sfera personale. A tal fine, il trasferimento di tutte le informazioni riservate\/personali menzionate nell&#8217;ambito di domanda di credito on-line avviene esclusivamente in modalit\u00e0 criptata tra il browser web e il server web della societ\u00e0 AS Finanz (SSS-codifica).<br \/><br \/>Si fa presente tuttavia che nella trasmissione codificata il mittente e il destinatario rimangono non cifrati. Si prega di notare che l&#8217;invio dei Vostri e-mail, cio\u00e8 la Vostra richiesta di finanziamento avviene tramite Internet. In queste condizioni i dati vengono inviati, a seconda della natura di Internet, anche oltre i confini attraverso server ubicati all&#8217;estero, anche se il mittente e il destinatario si trovano in Svizzera.<br \/><br \/>In vari punti della pagina web della societ\u00e0 AS Finanz Vi verr\u00e0 chiesto di fornire dati personali. Se scegliete di fornirci i Vostri dati personali via Internet o e-mail, li trattiamo secondo la Legge sulla protezione dei dati. I dati sono trattati dalla societ\u00e0 e per la societ\u00e0 AS Finanz dove AS Finanz assegna ai terzi un ordine per l&#8217;elaborazione dei dati. AS Finanz si impegna ad utilizzare i dati esclusivamente per i scopi indicati.<br \/><br \/>AS Finanz indica solo il rischio di attacchi di hacker. Al fine di combattere i virus si consiglia di utilizzare la versione corrente del browser e di installare il software aggiornato continuamente per la protezione dai virus.<br \/><br \/>Si prega di notare che la societ\u00e0 AS Finanz pu\u00f2 utilizzare la c.d. tecnologia &#8220;cookie&#8221; affinch\u00e9 Vi siano inviate informazioni su misura. Per &#8220;cookie&#8221; s&#8217;intende un file di testo che viene salvato sul disco rigido, facendo in modo che il Vostro computer sia riconosciuto ogniqualvolta Vi collegate ai siti della societ\u00e0 AS Finanz. Prendete inoltre atto che il Vostro browser pu\u00f2 essere configurato in modo tale da informarVi della ricezione di un &#8220;cookie&#8221;. Contattando la societ\u00e0 AS Finanz via Internet o e-mail accettate l&#8217;uso di questa tecnologia.<br \/><br \/>Contattando la societ\u00e0 AS Finanz via Internet, e-mail, posta o un altro modo l&#8217;utente accetta che AS Finanz nel indirizzo postale o e-mail invia periodicamente le informazioni sulla societ\u00e0, i suoi prodotti e servizi. L&#8217;utilizzo dei Vostri dati come clienti per scopi di marketing si pu\u00f2 rifiutare in qualsiasi momento per iscritto o via e-mail.<br \/><br \/><strong>Link ad altre pagine web<\/strong><br \/><br \/>AS Finanz sulla sua pagina web offre i collegamenti ipertestuali alle altre pagine web. Con l&#8217;attivazione del collegamento ipertestuale lasciate la pagina della societ\u00e0 AS Finanz e siete riferiti alle pagine web di terze parti. AS Finanz non assume alcuna responsabilit\u00e0 per l&#8217;accuratezza, la completezza e la legittimit\u00e0 del contenuto di tali pagine web di terze parti, ne per eventuali offerte e servizi ricevuti. Stabilire una connessione con questa pagina o con altre pagine \u00e8 a proprio rischio.<br \/><br \/><strong>Esclusione di responsabilit\u00e0<\/strong><br \/><br \/>Viene esclusa qualsiasi responsabilit\u00e0 di AS Finanz per danni o danni conseguenti (diretti o indiretti, immediati o collaterali) o perdite di qualsiasi tipo derivanti dall&#8217;accesso alla pagina della societ\u00e0 AS Finanz, dovuti al suo utilizzo, contatto via Internet o e-mail con la societ\u00e0 AS Finanz o a causa dell&#8217;accesso agli elementi della pagina web della societ\u00e0 AS Finanz, cio\u00e8 su collegamenti alle pagine di terzi. Societ\u00e0 AS Finanz GmbH inoltre declina ogni responsabilit\u00e0 per la manipolazione del sistema informatico degli utenti di internet da parte di terzi.<\/p><p>\u00a0<\/p><h2>Disclaimer per la richiesta di prestito online<\/h2><p>&#8220;Prendo atto e accetto che AS Finanz GmbH inoltri la mia richiesta alla Cembra Money Bank, Bank-NOW AG, Corn\u00e8r Banca SA, bob Finance AG o\u00a0good finance AG (ognuno di seguito singolarmente \u00abistituto di finanziamento\u00bb) tramite internet, via e-mail o per fax\/posta. In particolare prendo atto che:<\/p><table class=\"align-left\" cellspacing=\"10\"><tbody><tr><td>Nota per la richiesta di prestito on-line con diversi passaggi: Cliccando &#8220;Trasferimento dati&#8221; dul primo passo le informazioni di contatto per l&#8217;AS Finanz GmbH sono trasferiti e tu ci autorizzi a utilizzare questi dati per finalit\u00e0 di trasformazione e commercializzazione e di contattare in caso di necessit\u00e0, anche se non si passa attraverso tutte le fasi di questa richiesta di credito.<\/td><\/tr><\/tbody><\/table><p><b><br \/>Verifica della domanda e dati per l\u2018informazione sul credito:<\/b> confermo la correttezza di tutte le mie indicazioni e autorizzo l&#8217;istituto di finanziamento, in riguardo all&#8217;esame della presente richiesta e alla gestione della relazione contrattuale, a richiedere informazioni su di me presso terzi, in particolare banche, la Centrale per l&#8217;informazione sui crediti (ZEK), autorit\u00e0 (ad es. gli uffici per le procedure d&#8217;esecuzione, del registro fondiaro e delle imposte, gli uffici controllo abitanti, le autorit\u00e0 di protezione dei minori e degli adulti), agenzie per le informazioni economiche, intermediari del credito, datori di lavoro, societ\u00e0 facenti capo al gruppo dell&#8217;istituto di finanziamento, ed eventualmente all&#8217;Associazione per la gestione di una centrale d&#8217;informazione per il credito al consumo (IKO). Ai fini di cui sopra esonero questi uffici dal segreto bancario, postale, d&#8217;ufficio rispettivamente professionale. Inoltre autorizzo l&#8217;istituto di finanziamento a comunicare l\u2018operazione richiesta alla ZEK e, per quanto necessario, alla IKO, nonch\u00e9 ad avvisare anche altri uffici in caso di corrispondenti obblighi di legge. Vengono comunicati segnatamente tipo, importo e modalit\u00e0 del credito rispettivamente del finanziamento e i dati personali del\/della richiedente, oltre che eventuali ritardi importanti nei pagamenti o abusi. Riconosco il diritto della ZEK e dell&#8217;IKO di informare i propri membri sui dati forniti. L&#8217;istituto di finanziamento pu\u00f2 rifiutare la richiesta senza indicarne i motivi.\u00a0<\/p><p><b>Collaborazione con gli intermediari:<\/b> l&#8217;istituto di finanziamento pu\u00f2, in caso di richieste ricevute da un intermediario, scambiare con quest&#8217;ultimo le informazioni necessarie per una verifica della richiesta\/capacit\u00e0 creditizia e della stipulazione ed esecuzione del contratto.\u00a0<\/p><p><b>Dati sui partner: <\/b>nel caso in cui nella richiesta avessi fornito indicazioni sulla mia\/sul mio coniuge o partner registrato(a) (il \u00abpartner\u00bb), confermo (i) di aver informato il mio partner relativamente a questa richiesta, (ii) che l&#8217;istituto di finanziamento pu\u00f2 verificare i suddetti dati mediante domande dirette al mio partner e (iii) che il mio partner acconsente al fatto che l&#8217;istituto di finanziamento possa richiedere informazioni che lo riguardano, secondo quanto descritto in precedenza (comprese le richieste informative presso la ZEK).\u00a0<\/p><p><b>Trattamento dei dati: <\/b>autorizzo l&#8217;istituto di finanziamento a elaborare e valutare i miei dati anche per finalit\u00e0 di gestione del rischio e di marketing e a creare dei profili. Autorizzo l&#8217;istituto di finanziamento a offrirmi altri prodotti e servizi, anche di societ\u00e0 facenti capo al gruppo dell&#8217;istituto di finanziamento. Posso revocare quest&#8217;autorizzazione per l&#8217;elaborazione dei dati a fini di marketing o per l&#8217;invio di informazioni in qualsiasi momento.\u00a0<\/p><p><b>Collaborazione con fornitori di servizi (outsourcing): <\/b>l&#8217;istituto di finanziamento pu\u00f2 esternalizzare servizi a terzi (\u00abfornitori di servizi\u00bb), in particolare nei settori di gestione dei processi aziendali, sicurezza IT e gestione dei sistemi, ricerca ed elaborazione di mercato, calcolo dei rischi di credito e di mercato rilevanti per l&#8217;attivit\u00e0 nonch\u00e9 di amministrazione di rapporti contrattuali (per es. gestione delle richieste e dei contratti, incasso, comunicazione con la clientela). L&#8217;istituto di finanziamento mette a disposizione di questi fornitori di servizi i dati necessari all&#8217;adempimento degli obblighi contrattuali e a questo scopo pu\u00f2 trasmettere tali dati anche all&#8217;estero. I fornitori di servizi, i loro collaboratori come anche i loro subappaltatori sono contrattualmente vincolati al rispetto della protezione dei dati secondo i requisiti della Legge svizzera sulla protezione dei dati, alla salvaguardia del segreto bancario conformemente alla Legge federale sulle banche e le casse di risparmio e all&#8217;obbligo di riservatezza. In questo senso prendo atto del fatto che i miei dati potranno essere inoltrati a fornitori di servizi in paesi che eventualmente non dispongono di una protezione dei dati personali equivalente a quella della Svizzera.\u00a0<\/p><p>Confermo di essere d&#8217;accordo con l&#8217;utilizzo di mezzi di comunicazione elettronica tra l&#8217;istituto di finanziamento e me o l&#8217;intermediario. Accetto la trasmissione di dati anche tramite Internet e sono consapevole del fatto che Internet \u00e8 una rete aperta e accessibile a chiunque. Di conseguenza, NOME \/ AZIENDA AGENTE e l&#8217;istituto di finanziamento non possono garantire la riservatezza dei dati in caso di trasmissione tramite Internet. \u00c8 quindi possibile per dei terzi risalire a una relazione d&#8217;affari (eventualmente relazione bancaria) esistente o imminente tra me e l&#8217;istituto di finanziamento.&#8221;<\/p><p><strong>La concessione del credito \u00e8 vietata se causa un eccessivo indebitamento (art. 3 LCSI).<\/strong><\/p>\t\t\t\t\t\t<\/div>\n\t\t\t\t<\/div>\n\t\t\t\t<div class=\"elementor-element elementor-element-b5baf13 elementor-widget elementor-widget-text-editor\" data-id=\"b5baf13\" data-element_type=\"widget\" data-settings=\"{&quot;ekit_we_effect_on&quot;:&quot;none&quot;}\" data-widget_type=\"text-editor.default\">\n\t\t\t\t<div class=\"elementor-widget-container\">\n\t\t\t\t\t\t\t<p><\/p>\t\t\t\t\t\t<\/div>\n\t\t\t\t<\/div>\n\t\t\t\t<div class=\"elementor-element elementor-element-d9ab0f6 elementor-widget elementor-widget-spacer\" data-id=\"d9ab0f6\" data-element_type=\"widget\" data-settings=\"{&quot;ekit_we_effect_on&quot;:&quot;none&quot;}\" data-widget_type=\"spacer.default\">\n\t\t\t\t<div class=\"elementor-widget-container\">\n\t\t\t\t\t<div class=\"elementor-spacer\">\n\t\t\t<div class=\"elementor-spacer-inner\"><\/div>\n\t\t<\/div>\n\t\t\t\t<\/div>\n\t\t\t\t<\/div>\n\t\t\t\t<div class=\"elementor-element elementor-element-7af0329 elementor-widget__width-initial elementor-icon-list--layout-traditional elementor-list-item-link-full_width elementor-widget elementor-widget-icon-list\" data-id=\"7af0329\" data-element_type=\"widget\" data-settings=\"{&quot;ekit_we_effect_on&quot;:&quot;none&quot;}\" data-widget_type=\"icon-list.default\">\n\t\t\t\t<div class=\"elementor-widget-container\">\n\t\t\t<link rel=\"stylesheet\" href=\"https:\/\/online.krediten.ch\/wp-content\/plugins\/elementor\/assets\/css\/widget-icon-list.min.css\">\t\t<ul class=\"elementor-icon-list-items\">\n\t\t\t\t\t\t\t<li class=\"elementor-icon-list-item\">\n\t\t\t\t\t\t\t\t\t\t\t<a href=\"mailto:info@asfinanz.ch\">\n\n\t\t\t\t\t\t\t\t\t\t\t\t<span class=\"elementor-icon-list-icon\">\n\t\t\t\t\t\t\t<i aria-hidden=\"true\" class=\"far fa-envelope\"><\/i>\t\t\t\t\t\t<\/span>\n\t\t\t\t\t\t\t\t\t\t<span class=\"elementor-icon-list-text\">info@asfinanz.ch<\/span>\n\t\t\t\t\t\t\t\t\t\t\t<\/a>\n\t\t\t\t\t\t\t\t\t<\/li>\n\t\t\t\t\t\t\t\t<li class=\"elementor-icon-list-item\">\n\t\t\t\t\t\t\t\t\t\t\t<a href=\"tel:043%20355%2099%2044\">\n\n\t\t\t\t\t\t\t\t\t\t\t\t<span class=\"elementor-icon-list-icon\">\n\t\t\t\t\t\t\t<i aria-hidden=\"true\" class=\"fas fa-phone-alt\"><\/i>\t\t\t\t\t\t<\/span>\n\t\t\t\t\t\t\t\t\t\t<span class=\"elementor-icon-list-text\">043 355 99 44<\/span>\n\t\t\t\t\t\t\t\t\t\t\t<\/a>\n\t\t\t\t\t\t\t\t\t<\/li>\n\t\t\t\t\t\t<\/ul>\n\t\t\t\t<\/div>\n\t\t\t\t<\/div>\n\t\t\t\t\t<\/div>\n\t\t<\/div>\n\t\t\t\t\t\t\t<\/div>\n\t\t<\/section>\n\t\t\t\t\t<\/div>\n\t\t<\/div>\n\t\t\t\t\t\t\t<\/div>\n\t\t<\/section>\n\t\t\t\t\t\t\t<\/div>\n\t\t","protected":false},"excerpt":{"rendered":"<p>AS Finanz GmbH ist ein gepr\u00fcfter und zertifizierter Schweizer Anbieter mit der kantonalen Lizenz zur Kreditvermittlung. Condizioni di servizio e informazioni legali Consenso Si prega di leggere attentamente i termini di utilizzo. Con l&#8217;accesso al nostro sito internet e le pagine associate dichiarate di aver compreso i termini e le condizioni qui di seguito e le informazioni legali e di essere d&#8217;accordo con loro. Se non si accettano le condizioni qui di seguito, non utilizzare questa pagina o le pagine collegate al medesimo (di seguito la &#8220;pagina web della societ\u00e0 AS Finanz&#8221;). Gruppo di riferimento Questa pagina web della societ\u00e0\u2026<\/p>\n","protected":false},"author":1,"featured_media":0,"parent":0,"menu_order":0,"comment_status":"closed","ping_status":"closed","template":"elementor_header_footer","meta":[],"blocksy_meta":{"styles_descriptor":{"styles":{"desktop":"","tablet":"","mobile":""},"google_fonts":[],"version":5}},"_links":{"self":[{"href":"https:\/\/online.krediten.ch\/it\/wp-json\/wp\/v2\/pages\/1874"}],"collection":[{"href":"https:\/\/online.krediten.ch\/it\/wp-json\/wp\/v2\/pages"}],"about":[{"href":"https:\/\/online.krediten.ch\/it\/wp-json\/wp\/v2\/types\/page"}],"author":[{"embeddable":true,"href":"https:\/\/online.krediten.ch\/it\/wp-json\/wp\/v2\/users\/1"}],"replies":[{"embeddable":true,"href":"https:\/\/online.krediten.ch\/it\/wp-json\/wp\/v2\/comments?post=1874"}],"version-history":[{"count":63,"href":"https:\/\/online.krediten.ch\/it\/wp-json\/wp\/v2\/pages\/1874\/revisions"}],"predecessor-version":[{"id":4450,"href":"https:\/\/online.krediten.ch\/it\/wp-json\/wp\/v2\/pages\/1874\/revisions\/4450"}],"wp:attachment":[{"href":"https:\/\/online.krediten.ch\/it\/wp-json\/wp\/v2\/media?parent=1874"}],"curies":[{"name":"wp","href":"https:\/\/api.w.org\/{rel}","templated":true}]}}