{"id":1874,"date":"2022-10-16T23:39:40","date_gmt":"2022-10-16T21:39:40","guid":{"rendered":"https:\/\/online.krediten.ch\/?page_id=1874"},"modified":"2023-04-24T15:54:49","modified_gmt":"2023-04-24T13:54:49","slug":"rechtliche-hinweise","status":"publish","type":"page","link":"https:\/\/online.krediten.ch\/de\/rechtliche-hinweise\/","title":{"rendered":"Rechtliche Hinweise"},"content":{"rendered":"\t\t<div data-elementor-type=\"wp-page\" data-elementor-id=\"1874\" class=\"elementor elementor-1874\">\n\t\t\t\t\t\t\t\t\t<section class=\"elementor-section elementor-top-section elementor-element elementor-element-93ea91b ct-section-stretched elementor-section-boxed elementor-section-height-default elementor-section-height-default\" data-id=\"93ea91b\" data-element_type=\"section\" data-settings=\"{&quot;background_background&quot;:&quot;gradient&quot;,&quot;ekit_has_onepagescroll_dot&quot;:&quot;yes&quot;}\">\n\t\t\t\t\t\t<div class=\"elementor-container elementor-column-gap-default\">\n\t\t\t\t\t<div class=\"elementor-column elementor-col-100 elementor-top-column elementor-element elementor-element-38138b5\" data-id=\"38138b5\" data-element_type=\"column\">\n\t\t\t<div class=\"elementor-widget-wrap elementor-element-populated\">\n\t\t\t\t\t\t\t\t<div class=\"elementor-element elementor-element-383b323 elementor-position-left elementor-vertical-align-middle elementor-widget elementor-widget-image-box\" data-id=\"383b323\" data-element_type=\"widget\" data-settings=\"{&quot;ekit_we_effect_on&quot;:&quot;none&quot;}\" data-widget_type=\"image-box.default\">\n\t\t\t\t<div class=\"elementor-widget-container\">\n\t\t\t<style>\/*! elementor - v3.12.2 - 23-04-2023 *\/\n.elementor-widget-image-box .elementor-image-box-content{width:100%}@media (min-width:768px){.elementor-widget-image-box.elementor-position-left .elementor-image-box-wrapper,.elementor-widget-image-box.elementor-position-right .elementor-image-box-wrapper{display:flex}.elementor-widget-image-box.elementor-position-right .elementor-image-box-wrapper{text-align:right;flex-direction:row-reverse}.elementor-widget-image-box.elementor-position-left .elementor-image-box-wrapper{text-align:left;flex-direction:row}.elementor-widget-image-box.elementor-position-top .elementor-image-box-img{margin:auto}.elementor-widget-image-box.elementor-vertical-align-top .elementor-image-box-wrapper{align-items:flex-start}.elementor-widget-image-box.elementor-vertical-align-middle .elementor-image-box-wrapper{align-items:center}.elementor-widget-image-box.elementor-vertical-align-bottom .elementor-image-box-wrapper{align-items:flex-end}}@media (max-width:767px){.elementor-widget-image-box .elementor-image-box-img{margin-left:auto!important;margin-right:auto!important;margin-bottom:15px}}.elementor-widget-image-box .elementor-image-box-img{display:inline-block}.elementor-widget-image-box .elementor-image-box-title a{color:inherit}.elementor-widget-image-box .elementor-image-box-wrapper{text-align:center}.elementor-widget-image-box .elementor-image-box-description{margin:0}<\/style><div class=\"elementor-image-box-wrapper\"><div class=\"elementor-image-box-content\"><h6 class=\"elementor-image-box-title\">AS Finanz GmbH ist ein gepr\u00fcfter und zertifizierter Schweizer Anbieter mit der kantonalen Lizenz zur Kreditvermittlung.<\/h6><\/div><\/div>\t\t<\/div>\n\t\t\t\t<\/div>\n\t\t\t\t\t<\/div>\n\t\t<\/div>\n\t\t\t\t\t\t\t<\/div>\n\t\t<\/section>\n\t\t\t\t<section class=\"elementor-section elementor-top-section elementor-element elementor-element-cecade7 ct-section-stretched elementor-section-boxed elementor-section-height-default elementor-section-height-default\" data-id=\"cecade7\" data-element_type=\"section\" data-settings=\"{&quot;ekit_has_onepagescroll_dot&quot;:&quot;yes&quot;}\">\n\t\t\t\t\t\t<div class=\"elementor-container elementor-column-gap-default\">\n\t\t\t\t\t<div class=\"elementor-column elementor-col-100 elementor-top-column elementor-element elementor-element-35d5a2d\" data-id=\"35d5a2d\" data-element_type=\"column\">\n\t\t\t<div class=\"elementor-widget-wrap elementor-element-populated\">\n\t\t\t\t\t\t\t\t<div class=\"elementor-element elementor-element-547c003 elementor-widget elementor-widget-heading\" data-id=\"547c003\" data-element_type=\"widget\" data-settings=\"{&quot;ekit_we_effect_on&quot;:&quot;none&quot;}\" data-widget_type=\"heading.default\">\n\t\t\t\t<div class=\"elementor-widget-container\">\n\t\t\t<style>\/*! elementor - v3.12.2 - 23-04-2023 *\/\n.elementor-heading-title{padding:0;margin:0;line-height:1}.elementor-widget-heading .elementor-heading-title[class*=elementor-size-]>a{color:inherit;font-size:inherit;line-height:inherit}.elementor-widget-heading .elementor-heading-title.elementor-size-small{font-size:15px}.elementor-widget-heading .elementor-heading-title.elementor-size-medium{font-size:19px}.elementor-widget-heading .elementor-heading-title.elementor-size-large{font-size:29px}.elementor-widget-heading .elementor-heading-title.elementor-size-xl{font-size:39px}.elementor-widget-heading .elementor-heading-title.elementor-size-xxl{font-size:59px}<\/style><h1 class=\"elementor-heading-title elementor-size-default\">Nutzungsbedingungen und rechtliche Informationen\n<\/h1>\t\t<\/div>\n\t\t\t\t<\/div>\n\t\t\t\t<div class=\"elementor-element elementor-element-f8d64b5 elementor-widget elementor-widget-spacer\" data-id=\"f8d64b5\" data-element_type=\"widget\" data-settings=\"{&quot;ekit_we_effect_on&quot;:&quot;none&quot;}\" data-widget_type=\"spacer.default\">\n\t\t\t\t<div class=\"elementor-widget-container\">\n\t\t\t<style>\/*! elementor - v3.12.2 - 23-04-2023 *\/\n.elementor-column .elementor-spacer-inner{height:var(--spacer-size)}.e-con{--container-widget-width:100%}.e-con-inner>.elementor-widget-spacer,.e-con>.elementor-widget-spacer{width:var(--container-widget-width,var(--spacer-size));--align-self:var(--container-widget-align-self,initial);--flex-shrink:0}.e-con-inner>.elementor-widget-spacer>.elementor-widget-container,.e-con-inner>.elementor-widget-spacer>.elementor-widget-container>.elementor-spacer,.e-con>.elementor-widget-spacer>.elementor-widget-container,.e-con>.elementor-widget-spacer>.elementor-widget-container>.elementor-spacer{height:100%}.e-con-inner>.elementor-widget-spacer>.elementor-widget-container>.elementor-spacer>.elementor-spacer-inner,.e-con>.elementor-widget-spacer>.elementor-widget-container>.elementor-spacer>.elementor-spacer-inner{height:var(--container-widget-height,var(--spacer-size))}<\/style>\t\t<div class=\"elementor-spacer\">\n\t\t\t<div class=\"elementor-spacer-inner\"><\/div>\n\t\t<\/div>\n\t\t\t\t<\/div>\n\t\t\t\t<\/div>\n\t\t\t\t<section class=\"elementor-section elementor-inner-section elementor-element elementor-element-f141388 elementor-section-boxed elementor-section-height-default elementor-section-height-default\" data-id=\"f141388\" data-element_type=\"section\" data-settings=\"{&quot;ekit_has_onepagescroll_dot&quot;:&quot;yes&quot;}\">\n\t\t\t\t\t\t<div class=\"elementor-container elementor-column-gap-default\">\n\t\t\t\t\t<div class=\"elementor-column elementor-col-100 elementor-inner-column elementor-element elementor-element-f5a3b8e\" data-id=\"f5a3b8e\" data-element_type=\"column\">\n\t\t\t<div class=\"elementor-widget-wrap elementor-element-populated\">\n\t\t\t\t\t\t\t\t<div class=\"elementor-element elementor-element-0db3c45 elementor-widget elementor-widget-text-editor\" data-id=\"0db3c45\" data-element_type=\"widget\" data-settings=\"{&quot;ekit_we_effect_on&quot;:&quot;none&quot;}\" data-widget_type=\"text-editor.default\">\n\t\t\t\t<div class=\"elementor-widget-container\">\n\t\t\t<style>\/*! elementor - v3.12.2 - 23-04-2023 *\/\n.elementor-widget-text-editor.elementor-drop-cap-view-stacked .elementor-drop-cap{background-color:#69727d;color:#fff}.elementor-widget-text-editor.elementor-drop-cap-view-framed .elementor-drop-cap{color:#69727d;border:3px solid;background-color:transparent}.elementor-widget-text-editor:not(.elementor-drop-cap-view-default) .elementor-drop-cap{margin-top:8px}.elementor-widget-text-editor:not(.elementor-drop-cap-view-default) .elementor-drop-cap-letter{width:1em;height:1em}.elementor-widget-text-editor .elementor-drop-cap{float:left;text-align:center;line-height:1;font-size:50px}.elementor-widget-text-editor .elementor-drop-cap-letter{display:inline-block}<\/style>\t\t\t\t<p><strong>Zustimmung<\/strong><\/p><p>Bitte lesen Sie die Nutzungsbedingungen genau durch. Mit dem Zugriff auf diese Website und die dazugeh\u00f6renden Seiten erkl\u00e4ren Sie, dass Sie die folgenden Nutzungsbedingungen und rechtlichen Informationen verstanden haben und diesen zustimmen. Sollten Sie mit den nachfolgenden Bedingungen nicht einverstanden sein, unterlassen Sie bitte den Zugriff auf diese Website und ihre Seiten (nachfolgend \u201cAS-Finanz-Website\u201e genannt).<\/p><p><strong>Adressatenkreis\u2028<\/strong><\/p><p>Diese AS-Finanz-Website richtet sich ausschliesslich an nat\u00fcrliche und juristische Personen sowie Personengesellschaften und K\u00f6rperschaften mit Wohnsitz bzw. Sitz in der Schweiz oder im F\u00fcrstentum Liechtenstein.<\/p><p><strong>Copyright\u2028<\/strong><\/p><p>S\u00e4mtliche Elemente dieser AS-Finanz-Website, insbesondere Urheber-, Marken- und andere Rechte, geh\u00f6ren, sofern nichts anderes erw\u00e4hnt ist, ausschliesslich und umfassend der AS Finanz GmbH (nachfolgend \u201cAS Finanz\u201e). Die Elemente sind nur f\u00fcr Browsingzwecke frei benutzbar. Eine Weiter- bzw. Wiederver\u00f6ffentlichung der Elemente ist nur mit vorg\u00e4ngiger schriftlicher Zustimmung von AS Finanz zul\u00e4ssig. \u201cAS Finanz\u201e sowie das AS-Finanz-Logo sind eingetragene Marken von AS Finanz GmbH und als solche gesch\u00fctzt.<\/p><p><strong>Kein Angebot\u2028<\/strong><\/p><p>Die auf der AS-Finanz-Website ver\u00f6ffentlichten Informationen begr\u00fcnden weder ein Angebot noch eine Empfehlung zur Vornahme von Transaktionen, zum Kauf oder Verkauf eines (Finanz-)Produkts, zur Vornahme anderer Rechtsgesch\u00e4fte oder eine Aufforderung zur Offertstellung. Die auf der AS-Finanz-Website ver\u00f6ffentlichten Informationen haben rein informativen Charakter.<\/p><p><strong>Keine Zusicherung oder Gew\u00e4hrleistung\u2028<\/strong><\/p><p>Obwohl AS Finanz grosse Sorgfalt darauf verwendet, dass die Informationen auf der AS-Finanz-Website zum Zeitpunkt der Ver\u00f6ffentlichung genau sind, kann weder AS Finanz noch ihre Partner die Genauigkeit, Zuverl\u00e4ssigkeit oder Vollst\u00e4ndigkeit der Informationen gew\u00e4hrleisten. AS Finanz stellt die Informationen ohne jegliche Gew\u00e4hr zur Verf\u00fcgung. Eine Gew\u00e4hrleistung erfolgt auch nicht implizit. AS Finanz\u00a0\u00fcbernimmt keine Verantwortung und gibt keine Garantie daf\u00fcr ab, dass die Funktionen auf der AS-Finanz-Website dauernd zur Verf\u00fcgung stehen, fehlerlos oder frei von Viren und sch\u00e4dlichen Bestandteilen sind. Meinungen und sonstige Informationen auf der AS-Finanz-Website k\u00f6nnen jederzeit und ohne Ank\u00fcndigung ge\u00e4ndert werden. AS Finanz benutzt die AS-Finanz-Website nicht dazu, um Ihnen oder sonstigen Dritten Beratung oder sonstige Ratschl\u00e4ge zukommen zu lassen. Die Angaben auf der AS-Finanz-Website stellen weder Entscheidungshilfen f\u00fcr rechtliche, steuerliche oder andere Beraterfragen dar, noch sollten aufgrund dieser Angaben Entscheide gef\u00e4llt werden.<\/p><p><strong>Keine Datensicherheit\u2028<\/strong><\/p><p>Das Internet ist ein offenes und f\u00fcr jedermann zug\u00e4ngliches Medium. Wenn Sie die AS-Finanz-Website besuchen, k\u00f6nnen Dritte R\u00fcckschl\u00fcsse auf eine allenfalls bereits bestehende oder k\u00fcnftig bestehende Gesch\u00e4ftsbeziehung zwischen Ihnen und AS Finanz ziehen.<br \/>AS Finanz unternimmt grosse Anstrengungen, um Ihre Daten zu sch\u00fctzen und Ihre Privatsph\u00e4re zu wahren. Deshalb werden alle im Rahmen eines Online-Kreditantrags angegebenen vertraulichen\/pers\u00f6nlichen Daten zwischen Ihrem Browser und dem Webserver der AS Finanz ausschliesslich verschl\u00fcsselt transferiert (SSL-Verschl\u00fcsselung).<\/p><p>Bitte beachten Sie, dass auch bei der verschl\u00fcsselten \u00dcbermittlung Absender und Empf\u00e4nger unverschl\u00fcsselt bleiben. Bitte nehmen Sie zur Kenntnis, dass der Versand Ihres E-Mails bzw. Ihres Finanzierungsantrags \u00fcber das Internet erfolgt. Dabei zirkulieren die Daten, bedingt durch die Natur des Internets, unter Umst\u00e4nden grenz\u00fcberschreitend \u00fcber Server im Ausland, selbst wenn sich sowohl Sender als auch Empf\u00e4nger in der Schweiz befinden.<\/p><p>Sie werden an verschiedenen Stellen dieser AS-Finanz-Website zur Angabe Ihrer pers\u00f6nlichen Daten aufgefordert. Wenn Sie sich entschliessen, uns pers\u00f6nliche Daten \u00fcber das Internet oder E-Mail zukommen zu lassen, werden wir diese Daten gem\u00e4ss Datenschutzgesetz behandeln. Die Daten werden von und f\u00fcr die AS Finanz bearbeitet, wobei AS Finanz auch Dritte mit der Bearbeitung der Daten beauftragt. AS Finanz verpflichtet sich dazu, die Daten ausschliesslich f\u00fcr die angezeigten Zwecke zu verwenden.<br \/>AS Finanz weist Sie ausdr\u00fccklich auf die Gefahr von Hacker-Angriffen hin. Zur Virenbek\u00e4mpfung empfehlen wir die Verwendung von aktuellen Browser-Versionen und die Installation von laufend aktualisierter Virenschutz-Software.<\/p><p>Bitte nehmen Sie zur Kenntnis, dass von AS Finanz sogenannte &#8222;Cookies&#8220;- Technologie benutzt werden kann, um Sie mit massgeschneiderten Informationen zu versorgen. Ein &#8222;Cookie&#8220; ist eine Informationsdatei, die durch Speicherung auf der Harddisk dazu f\u00fchrt, dass Ihr Computer bei weiteren Besuchen der AS-Finanz-Websitewiedererkannt wird. Wir machen Sie darauf aufmerksam, dass Ihr Browser Sie bei entsprechender Einstellung \u00fcber den Empfang eines &#8222;Cookie&#8220; informiert. Durch die Kontaktaufnahme mit AS Finanz \u00fcber Internet oder E-Mail stimmen Sie dem Gebrauch dieser Technologie zu.<\/p><p>Sie sind durch die Kontaktaufnahme mit AS Finanz \u00fcber Internet, E-Mail, Post oder auf andere Art und Weise damit einverstanden, dass AS Finanz an Ihre Post- und E-Mail-Adresse gelegentlich Informationen \u00fcber das Unternehmen, seine Produkte und Dienstleistungen sendet. Die Verwendung Ihrer Kundendaten zu Marketingzwecken k\u00f6nnen Sie jederzeit schriftlich oder per E-Mail ablehnen.<br \/>Links zu anderen Websites<\/p><p>AS Finanz bietet auf ihrer AS-Finanz-Website Hyperlinks zu anderen Websites an. Durch Aktivierung eines Hyperlinks verlassen Sie die AS-Finanz-Website und werden auf die fremde Website eines Dritten geleitet. AS Finanz \u00fcbernimmt weder f\u00fcr Richtigkeit noch f\u00fcr Vollst\u00e4ndigkeit oder Rechtm\u00e4ssigkeit des Inhalts solcher Websites Dritter sowie f\u00fcr allf\u00e4llige darauf enthaltene Angebote und Dienstleistungen die Verantwortung. Das Herstellen von Verbindungen zu diesen Sites oder anderen Websites erfolgt ausschliesslich auf Ihr eigenes Risiko.<\/p><p><strong>Haftungsausschluss\u2028<\/strong><\/p><p>Jegliche Haftung der AS Finanz f\u00fcr Sch\u00e4den oder Folgesch\u00e4den (direkte oder indirekte, unmittelbare oder mittelbare Sch\u00e4den) oder Verluste jeglicher Art, die infolge eines Zugriffs auf die AS-Finanz-Website, infolge deren Benutzung, infolge eines Kontakts \u00fcber Internet oder E-Mail mit der AS Finanz oder infolge eines Zugriffs auf die Elemente der AS-Finanz-Website bzw. auf Links zu Websites Dritter entstehen, wird hiermit ausdr\u00fccklich ausgeschlossen. Die AS Finanz GmbH lehnt ausserdem jede Haftung f\u00fcr Manipulationen am EDV-System des Internet-Benutzers durch Dritte ab.<\/p><h2>Disclaimer f\u00fcr Online-Kreditantr\u00e4ge<\/h2><p>&#8222;Ich nehme zur Kenntnis und willige ein, dass die AS Finanz GmbH meinen Antrag an die Cembra Money Bank AG, die Bank-NOW AG, Corn\u00e8r Banca SA, bob Finance AG oder die good finance AG (je einzeln nachfolgend das &#8222;Finanzierungsinstitut&#8220;) \u00fcber das Internet, via Email oder per Fax\/Post weiterleitet. Zudem best\u00e4tige ich Folgendes:<\/p><table class=\"align-left\" cellspacing=\"10\"><tbody><tr><td><strong>Hinweis f\u00fcr den Online-Kreditantrag : <\/strong>Mit dem Ausf\u00fcllen der Felder in \u201ePers\u00f6nliche Angaben\u201c werden Ihre Kontaktinformationen an die AS Finanz GmbH \u00fcbertragen und Sie erm\u00e4chtigen uns, diese Daten zu Bearbeitungs- und Marketingzwecken zu nutzen und Sie gegebenenfalls zu kontaktieren, auch wenn Sie nicht alle Schritte dieses Kreditantrags durchlaufen.<\/td><\/tr><\/tbody><\/table><p><strong><br \/>Antragspr\u00fcfung und Kreditauskunftsdaten:<\/strong>\u00a0Ich best\u00e4tige die Richtigkeit aller meiner Angaben und erm\u00e4chtige das Finanzierungsinstitut, im Zusammenhang mit der Pr\u00fcfung dieses Antrags und der Abwicklung der vertraglichen Beziehung \u00fcber mich Ausk\u00fcnfte bei Dritten, insbesondere Banken, der Zentralstelle f\u00fcr Kreditinformation (ZEK), Beh\u00f6rden (z.B. Betreibungs-, Grundbuch- und Steuer\u00e4mtern, Einwohnerkontrollen, Kindes- und Erwachsenenschutzbeh\u00f6rden), Wirtschaftsauskunfteien, Kreditvermittlern, Arbeitgebern, Konzerngesellschaften des Finanzie- rungsinstituts und gegebenenfalls der Informationsstelle f\u00fcr Konsumkredit (IKO) einzuholen. Zu den vorgenannten Zwecken entbinde ich diese Stellen vom Bankkunden-, Post-, Amts- beziehungsweise Gesch\u00e4ftsgeheimnis. Ich erm\u00e4chtige das Finanzierungsinstitut ausserdem, das beantragte Gesch\u00e4ft der ZEK und gegebenenfalls der IKO mitzuteilen sowie bei entsprechenden gesetzlichen Pflichten auch anderen Stellen Meldung zu erstatten. Gemeldet werden dabei namentlich Kredit- bzw. Finanzierungsart, -h\u00f6he und -modalit\u00e4ten sowie die Personalien des\/der Antragstellenden und allenfalls qualifizierte Zahlungsr\u00fcckst\u00e4nde oder Missbr\u00e4uche. Ich anerkenne das Recht der ZEK und der IKO, ihren Mitgliedern \u00fcber die gemeldeten Daten Ausk\u00fcnfte zu erteilen. Das Finanzierungsinstitut kann den Antrag ohne Angabe von Gr\u00fcnden ablehnen.<\/p><p><strong>Zusammenarbeit mit Vermittlern:\u00a0<\/strong>Das Finanzierungsinstitut kann bei Antr\u00e4gen, die es von einem Vermittler erh\u00e4lt, mit diesem die notwendigen Informationen im Zusammenhang mit Antrags- \/Kreditf\u00e4higkeitspr\u00fcfung sowie Vertragsabschluss und -abwicklung austauschen.<\/p><p><strong>Angaben zu Partnern:<\/strong> Falls ich im Antrag Angaben zu meinem\/r Ehepartner-\/-in bzw. eingetragenem\/n Partner\/-in (\u201ePartner\u201c) gemacht habe, best\u00e4tige ich, dass (I) ich meinen Partner \u00fcber diesen Antrag informiert habe, (II) das Finanzierungsinstitut die obenstehenden Angaben mittels direkter R\u00fcckfragen bei meinem Partner \u00fcberpr\u00fcfen darf, und (III) mein Partner damit einverstanden ist, dass das Finanzierungsinstitut ihn betreffende Ausk\u00fcnfte wie oben beschrieben (einschliesslich Durchf\u00fchrung von Informativanfragen bei der ZEK) einholen darf.<\/p><p><strong>Datenbearbeitung:<\/strong>\u00a0Ich erm\u00e4chtige das Finanzierungsinstitut, meine Daten auch zu Risikomanagement- und Marketingzwecken zu bearbeiten und auszuwerten und dabei Profile zu erstellen. Ich erm\u00e4chtige das Finanzierungsinstitut, mir andere Produkte und Dienstleistungen, auch von Konzerngesellschaften des Finanzierungsinstitutes, anzubieten. Ich kann diese Erm\u00e4chtigung zur Datenbearbeitung zu Marketingzwecken bzw. zur Zustellung von Informationen jederzeit widerrufen.<\/p><p><strong>Zusammenarbeit mit Dienstleistern (Outsourcing):<\/strong>\u00a0Das Finanzierungsinstitut kann Dienstleistungen an Dritte auslagern (\u201eDienstleister\u201c), insbesondere im Bereich der Abwicklung von Gesch\u00e4ftsprozessen, IT-Sicherheit und Systemsteuerung, Marktforschung und -bearbeitung, der Berechnung von gesch\u00e4ftsrelevanten Kredit- und Marktrisiken sowie der Administration von Vertragsverh\u00e4ltnissen (z.B. Antrags- und Vertragsabwicklung, Inkasso, Kommunikation mit Kunden). Das Finanzierungsinstitut stellt diesen Dienstleistern die zur Erf\u00fcllung der vertraglichen Pflichten notwendigen Daten zur Verf\u00fcgung und kann diese Daten daf\u00fcr auch ins Ausland weiterleiten. Dienstleister, deren Mitarbeiter sowie Subunternehmer sind dabei vertraglich zur Einhaltung des Datenschutzes gem\u00e4ss den Anforderungen des schweizerischen Datenschutzgesetzes, zur Wahrung des Bankkundengeheimnisses entsprechend dem schweizerischen Bankengesetz und zur Vertraulichkeit verpflichtet. Ich nehme in diesem Zusammenhang zur Kenntnis, dass meine Daten an Dienstleister in Staaten weitergeleitet werden k\u00f6nnen, die gegebenenfalls \u00fcber keinen gleichwertigen Datenschutz wie die Schweiz verf\u00fcgen.\u00a0Ich best\u00e4tige, dass ich mit der Verwendung von elektronischer Kommunikation zwischen dem Finanzierungsinstitut und mir bzw. dem Vermittler einverstanden bin.<\/p><p>Ich akzeptiere die \u00dcbermittlung von Daten auch \u00fcber das Internet und mir ist bewusst, dass das Internet ein offenes, f\u00fcr jedermann zug\u00e4ngliches Netz darstellt. Entsprechend k\u00f6nnen die AS Finanz GmbH sowie das Finanzierungsinstitut die Vertraulichkeit von Daten bei der \u00dcbertragung \u00fcber das Internet nicht gew\u00e4hrleisten. R\u00fcckschl\u00fcsse Dritter auf eine zwischen mir und dem Finanzierungsinstitut bestehende bzw. bevorstehende Gesch\u00e4ftsbeziehung (allenfalls Bankbeziehung) sind daher m\u00f6glich.&#8220;<\/p><p><strong>Die Kreditvergabe ist verboten, falls sie zur \u00dcberschuldung f\u00fchrt (Art. 3 UWG).\u00a0<\/strong><\/p>\t\t\t\t\t\t<\/div>\n\t\t\t\t<\/div>\n\t\t\t\t<div class=\"elementor-element elementor-element-2233471 elementor-widget elementor-widget-text-editor\" data-id=\"2233471\" data-element_type=\"widget\" data-settings=\"{&quot;ekit_we_effect_on&quot;:&quot;none&quot;}\" data-widget_type=\"text-editor.default\">\n\t\t\t\t<div class=\"elementor-widget-container\">\n\t\t\t\t\t\t\t<p><\/p>\t\t\t\t\t\t<\/div>\n\t\t\t\t<\/div>\n\t\t\t\t<div class=\"elementor-element elementor-element-d9ab0f6 elementor-widget elementor-widget-spacer\" data-id=\"d9ab0f6\" data-element_type=\"widget\" data-settings=\"{&quot;ekit_we_effect_on&quot;:&quot;none&quot;}\" data-widget_type=\"spacer.default\">\n\t\t\t\t<div class=\"elementor-widget-container\">\n\t\t\t\t\t<div class=\"elementor-spacer\">\n\t\t\t<div class=\"elementor-spacer-inner\"><\/div>\n\t\t<\/div>\n\t\t\t\t<\/div>\n\t\t\t\t<\/div>\n\t\t\t\t<div class=\"elementor-element elementor-element-7af0329 elementor-widget__width-initial elementor-icon-list--layout-traditional elementor-list-item-link-full_width elementor-widget elementor-widget-icon-list\" data-id=\"7af0329\" data-element_type=\"widget\" data-settings=\"{&quot;ekit_we_effect_on&quot;:&quot;none&quot;}\" data-widget_type=\"icon-list.default\">\n\t\t\t\t<div class=\"elementor-widget-container\">\n\t\t\t<link rel=\"stylesheet\" href=\"https:\/\/online.krediten.ch\/wp-content\/plugins\/elementor\/assets\/css\/widget-icon-list.min.css\">\t\t<ul class=\"elementor-icon-list-items\">\n\t\t\t\t\t\t\t<li class=\"elementor-icon-list-item\">\n\t\t\t\t\t\t\t\t\t\t\t<a href=\"mailto:info@asfinanz.ch\">\n\n\t\t\t\t\t\t\t\t\t\t\t\t<span class=\"elementor-icon-list-icon\">\n\t\t\t\t\t\t\t<i aria-hidden=\"true\" class=\"far fa-envelope\"><\/i>\t\t\t\t\t\t<\/span>\n\t\t\t\t\t\t\t\t\t\t<span class=\"elementor-icon-list-text\">info@asfinanz.ch<\/span>\n\t\t\t\t\t\t\t\t\t\t\t<\/a>\n\t\t\t\t\t\t\t\t\t<\/li>\n\t\t\t\t\t\t\t\t<li class=\"elementor-icon-list-item\">\n\t\t\t\t\t\t\t\t\t\t\t<a href=\"tel:043%20355%2099%2044\">\n\n\t\t\t\t\t\t\t\t\t\t\t\t<span class=\"elementor-icon-list-icon\">\n\t\t\t\t\t\t\t<i aria-hidden=\"true\" class=\"fas fa-phone-alt\"><\/i>\t\t\t\t\t\t<\/span>\n\t\t\t\t\t\t\t\t\t\t<span class=\"elementor-icon-list-text\">043 355 99 44<\/span>\n\t\t\t\t\t\t\t\t\t\t\t<\/a>\n\t\t\t\t\t\t\t\t\t<\/li>\n\t\t\t\t\t\t<\/ul>\n\t\t\t\t<\/div>\n\t\t\t\t<\/div>\n\t\t\t\t\t<\/div>\n\t\t<\/div>\n\t\t\t\t\t\t\t<\/div>\n\t\t<\/section>\n\t\t\t\t\t<\/div>\n\t\t<\/div>\n\t\t\t\t\t\t\t<\/div>\n\t\t<\/section>\n\t\t\t\t\t\t\t<\/div>\n\t\t","protected":false},"excerpt":{"rendered":"<p>AS Finanz GmbH ist ein gepr\u00fcfter und zertifizierter Schweizer Anbieter mit der kantonalen Lizenz zur Kreditvermittlung. Nutzungsbedingungen und rechtliche Informationen Zustimmung Bitte lesen Sie die Nutzungsbedingungen genau durch. Mit dem Zugriff auf diese Website und die dazugeh\u00f6renden Seiten erkl\u00e4ren Sie, dass Sie die folgenden Nutzungsbedingungen und rechtlichen Informationen verstanden haben und diesen zustimmen. Sollten Sie mit den nachfolgenden Bedingungen nicht einverstanden sein, unterlassen Sie bitte den Zugriff auf diese Website und ihre Seiten (nachfolgend \u201cAS-Finanz-Website\u201e genannt). Adressatenkreis\u2028 Diese AS-Finanz-Website richtet sich ausschliesslich an nat\u00fcrliche und juristische Personen sowie Personengesellschaften und K\u00f6rperschaften mit Wohnsitz bzw. Sitz in der Schweiz oder im\u2026<\/p>\n","protected":false},"author":1,"featured_media":0,"parent":0,"menu_order":0,"comment_status":"closed","ping_status":"closed","template":"elementor_header_footer","meta":[],"blocksy_meta":{"styles_descriptor":{"styles":{"desktop":"","tablet":"","mobile":""},"google_fonts":[],"version":5}},"_links":{"self":[{"href":"https:\/\/online.krediten.ch\/de\/wp-json\/wp\/v2\/pages\/1874"}],"collection":[{"href":"https:\/\/online.krediten.ch\/de\/wp-json\/wp\/v2\/pages"}],"about":[{"href":"https:\/\/online.krediten.ch\/de\/wp-json\/wp\/v2\/types\/page"}],"author":[{"embeddable":true,"href":"https:\/\/online.krediten.ch\/de\/wp-json\/wp\/v2\/users\/1"}],"replies":[{"embeddable":true,"href":"https:\/\/online.krediten.ch\/de\/wp-json\/wp\/v2\/comments?post=1874"}],"version-history":[{"count":63,"href":"https:\/\/online.krediten.ch\/de\/wp-json\/wp\/v2\/pages\/1874\/revisions"}],"predecessor-version":[{"id":4450,"href":"https:\/\/online.krediten.ch\/de\/wp-json\/wp\/v2\/pages\/1874\/revisions\/4450"}],"wp:attachment":[{"href":"https:\/\/online.krediten.ch\/de\/wp-json\/wp\/v2\/media?parent=1874"}],"curies":[{"name":"wp","href":"https:\/\/api.w.org\/{rel}","templated":true}]}}